{"id":6037,"date":"2025-06-10T18:12:41","date_gmt":"2025-06-10T16:12:41","guid":{"rendered":"https:\/\/gallant-properties.com\/notre-agence\/"},"modified":"2025-11-20T22:36:42","modified_gmt":"2025-11-20T21:36:42","slug":"notre-agence","status":"publish","type":"page","link":"https:\/\/gallant-properties.com\/fr\/notre-agence\/","title":{"rendered":"Notre agence"},"content":{"rendered":"<p>[et_pb_section fb_built=\u00a0\u00bb1&Prime; admin_label=\u00a0\u00bbAbout\u00a0\u00bb _builder_version=\u00a0\u00bb4.27.4&Prime; _module_preset=\u00a0\u00bbdefault\u00a0\u00bb background_color=\u00a0\u00bbgcid-b6c4f12c-f25d-4f61-9fb1-6e96404634cd\u00a0\u00bb background_image=\u00a0\u00bbhttps:\/\/gallant-properties.com\/wp-content\/uploads\/2025\/06\/black_lozenge.webp\u00a0\u00bb background_size=\u00a0\u00bbinitial\u00a0\u00bb background_position=\u00a0\u00bbtop_left\u00a0\u00bb background_repeat=\u00a0\u00bbrepeat\u00a0\u00bb locked=\u00a0\u00bboff\u00a0\u00bb global_colors_info=\u00a0\u00bb{%22gcid-b6c4f12c-f25d-4f61-9fb1-6e96404634cd%22:%91%22background_color%22%93}\u00a0\u00bb][et_pb_row column_structure=\u00a0\u00bb1_2,1_2&Prime; _builder_version=\u00a0\u00bb4.25.2&Prime; _module_preset=\u00a0\u00bb1b03d2f7-9d8d-42c1-b69c-b7b98ddcc158&Prime; global_colors_info=\u00a0\u00bb{}\u00a0\u00bb][et_pb_column type=\u00a0\u00bb1_2&Prime; _builder_version=\u00a0\u00bb4.25.2&Prime; _module_preset=\u00a0\u00bbdefault\u00a0\u00bb global_colors_info=\u00a0\u00bb{}\u00a0\u00bb][et_pb_heading title=\u00a0\u00bb\u00c0 propos de nous\u00a0\u00bb _builder_version=\u00a0\u00bb4.25.2&Prime; _module_preset=\u00a0\u00bb51707c33-e32b-465c-96c5-961b59ee7340&Prime; title_text_color=\u00a0\u00bb#A29B91&Prime; global_colors_info=\u00a0\u00bb{%22gcid-b70c6ec4-3d09-43b5-80df-154e6e990bf3%22:%91%22title_text_color%22%93}\u00a0\u00bb][\/et_pb_heading][et_pb_image src=\u00a0\u00bbhttp:\/\/gallant-properties.com\/wp-content\/uploads\/2025\/06\/logomenusignature-1.png\u00a0\u00bb title_text=\u00a0\u00bblogomenusignature\u00a0\u00bb _builder_version=\u00a0\u00bb4.27.4&Prime; _module_preset=\u00a0\u00bbdefault\u00a0\u00bb width=\u00a0\u00bb50%\u00a0\u00bb global_colors_info=\u00a0\u00bb{}\u00a0\u00bb][\/et_pb_image][et_pb_heading title=\u00a0\u00bbL&#039;excellence sur mesure\u00a0\u00bb _builder_version=\u00a0\u00bb4.25.2&Prime; _module_preset=\u00a0\u00bb26905027-91fd-4875-b846-e6488b295ea0&Prime; title_font=\u00a0\u00bb&#8211;et_global_body_font|100|||||||\u00a0\u00bb title_text_color=\u00a0\u00bb#6A686A\u00a0\u00bb title_font_size=\u00a0\u00bb44px\u00a0\u00bb title_letter_spacing=\u00a0\u00bb1px\u00a0\u00bb global_colors_info=\u00a0\u00bb{}\u00a0\u00bb][\/et_pb_heading][et_pb_accordion open_toggle_text_color=\u00a0\u00bb#6A686A\u00a0\u00bb icon_color=\u00a0\u00bb#6A686A\u00a0\u00bb icon_font_size=\u00a0\u00bb22px\u00a0\u00bb _builder_version=\u00a0\u00bb4.27.4&Prime; _module_preset=\u00a0\u00bbc106aff8-6f48-433d-8e4f-3feee029d7e1&Prime; toggle_text_color=\u00a0\u00bb#6A686A\u00a0\u00bb body_font=\u00a0\u00bb&#8211;et_global_body_font||||||||\u00a0\u00bb border_width_bottom=\u00a0\u00bb0.01px\u00a0\u00bb border_color_bottom=\u00a0\u00bbrgba(106,104,106,0.24)\u00a0\u00bb global_colors_info=\u00a0\u00bb{%22gcid-53054839-b83d-4ef0-8659-8a010e6148fd%22:%91%22toggle_text_color%22%93}\u00a0\u00bb][et_pb_accordion_item title=\u00a0\u00bb Une nouvelle page se tourne\u00a0\u00bb open=\u00a0\u00bbon\u00a0\u00bb open_toggle_text_color=\u00a0\u00bb#a29b91&Prime; _builder_version=\u00a0\u00bb4.27.4&Prime; _module_preset=\u00a0\u00bb4320d52d-ef47-4cf2-8dbb-6d6e84627c2b\u00a0\u00bb body_font=\u00a0\u00bb&#8211;et_global_body_font|500|||||||\u00a0\u00bb global_colors_info=\u00a0\u00bb{}\u00a0\u00bb toggle_text_color=\u00a0\u00bb#A29B91&Prime; toggle_font=\u00a0\u00bb&#8211;et_global_body_font|600|||||||\u00a0\u00bb toggle_font_size=\u00a0\u00bb22px\u00a0\u00bb]<\/p>\n<p>Depuis les Jeux Olympiques de Paris 2024, le Groupe Gallant Luxury Real Estate s&rsquo;est impos\u00e9 comme une r\u00e9f\u00e9rence incontournable dans la location ultra-prestigieuse \u00e0 Paris, au service d&rsquo;une client\u00e8le internationale exigeante.<\/p>\n<p>Aujourd&rsquo;hui, nous \u00e9crivons un nouveau chapitre, Gallant Properties est n\u00e9e : une entit\u00e9 ind\u00e9pendante, avec un positionnement fort, d\u00e9di\u00e9e \u00e0 la vente et \u00e0 la location de biens d&rsquo;exception partout en France.<\/p>\n<blockquote>\n<p><em>N\u00e9e pour mieux vous servir, elle incarne notre engagement : vous offrir une exp\u00e9rience unique, sur mesure, port\u00e9e par l&rsquo;excellence, la confiance et l&rsquo;\u00e9motion.<\/em><\/p>\n<\/blockquote>\n<p>[\/et_pb_accordion_item][et_pb_accordion_item title=\u00a0\u00bbAu service du remarquable\u00a0\u00bb open_toggle_text_color=\u00a0\u00bb#a29b91&Prime; _builder_version=\u00a0\u00bb4.27.4&Prime; _module_preset=\u00a0\u00bb4320d52d-ef47-4cf2-8dbb-6d6e84627c2b\u00a0\u00bb body_font=\u00a0\u00bb&#8211;et_global_body_font|500|||||||\u00a0\u00bb global_colors_info=\u00a0\u00bb{}\u00a0\u00bb toggle_text_color=\u00a0\u00bb#A29B91&Prime; toggle_font=\u00a0\u00bb&#8211;et_global_body_font|600|||||||\u00a0\u00bb toggle_font_size=\u00a0\u00bb22px\u00a0\u00bb open=\u00a0\u00bboff\u00a0\u00bb]<\/p>\n<p>Chez Gallant Properties, nous ne vendons pas seulement des biens. Nous cr\u00e9ons des exp\u00e9riences, tissons des liens, r\u00e9v\u00e9lons des lieux.<\/p>\n<p>Notre ambition :<\/p>\n<ul>\n<li>\u00c9couter avec pr\u00e9cision<\/li>\n<li>Accompagner avec attention<\/li>\n<li>Surprendre par l&rsquo;excellence du service<\/li>\n<li>\u00catre \u00e0 la hauteur des plus hautes attentes<\/li>\n<\/ul>\n<p>Nos clients recherchent bien plus qu&rsquo;un bien immobilier : un rep\u00e8re, un style de vie, une \u00e9motion.<\/p>\n<p>[\/et_pb_accordion_item][et_pb_accordion_item title=\u00a0\u00bbUne maison experte sur des bases exceptionnelles\u00a0\u00bb open_toggle_text_color=\u00a0\u00bb#a29b91&Prime; _builder_version=\u00a0\u00bb4.27.4&Prime; _module_preset=\u00a0\u00bb4320d52d-ef47-4cf2-8dbb-6d6e84627c2b\u00a0\u00bb body_font=\u00a0\u00bb&#8211;et_global_body_font|500|||||||\u00a0\u00bb global_colors_info=\u00a0\u00bb{}\u00a0\u00bb toggle_text_color=\u00a0\u00bb#A29B91&Prime; toggle_font=\u00a0\u00bb&#8211;et_global_body_font|600|||||||\u00a0\u00bb toggle_font_size=\u00a0\u00bb22px\u00a0\u00bb open=\u00a0\u00bboff\u00a0\u00bb]<\/p>\n<p>Notre terrain de jeu ? De Paris \u00e0 la C\u00f4te d&rsquo;Azur, des Alpes \u00e0 la Normandie, en passant par la c\u00f4te Atlantique et les plus belles campagnes fran\u00e7aises.<\/p>\n<p>Nos propri\u00e9t\u00e9s ? Des pi\u00e8ces rares, s\u00e9lectionn\u00e9es pour leur \u00e2me et leur singularit\u00e9 :<\/p>\n<ul>\n<li>Appartement haussmannien d&rsquo;une \u00e9l\u00e9gance intemporelle<\/li>\n<li>Domaine \u00e9questre exceptionnel<\/li>\n<li>Villa contemporaine avec vue sur la mer<\/li>\n<li>Chalet confidentiel dans les Alpes immacul\u00e9es<\/li>\n<\/ul>\n<blockquote>\n<p><em>Et bien au-del\u00e0&#8230; Partout o\u00f9 nos clients ont besoin de nous, nous serons une pr\u00e9sence fid\u00e8le, discr\u00e8te, mais toujours profond\u00e9ment engag\u00e9e.<\/em><\/p>\n<\/blockquote>\n<p>Nos services ? Un accompagnement ultra-personnalis\u00e9 Un r\u00e9seau d&rsquo;experts tri\u00e9s sur le volet Une connaissance approfondie des march\u00e9s de prestige Une attention constante aux d\u00e9tails.<\/p>\n<p>[\/et_pb_accordion_item][et_pb_accordion_item title=\u00a0\u00bbConstruire une \u00e9quipe engag\u00e9e, attentionn\u00e9e et ambitieuse\u00a0\u00bb open_toggle_text_color=\u00a0\u00bb#a29b91&Prime; _builder_version=\u00a0\u00bb4.27.4&Prime; _module_preset=\u00a0\u00bb4320d52d-ef47-4cf2-8dbb-6d6e84627c2b\u00a0\u00bb body_font=\u00a0\u00bb&#8211;et_global_body_font|500|||||||\u00a0\u00bb global_colors_info=\u00a0\u00bb{}\u00a0\u00bb toggle_text_color=\u00a0\u00bb#A29B91&Prime; toggle_font=\u00a0\u00bb&#8211;et_global_body_font|600|||||||\u00a0\u00bb toggle_font_size=\u00a0\u00bb22px\u00a0\u00bb open=\u00a0\u00bboff\u00a0\u00bb]<\/p>\n<p>Chez Gallant Properties, nous avons une conviction forte : la performance na\u00eet d&rsquo;un environnement o\u00f9 l&rsquo;humain est au c\u0153ur.<\/p>\n<p>Nous cr\u00e9ons un environnement de travail :<\/p>\n<ul>\n<li>Dynamique et stimulant<\/li>\n<li>O\u00f9 la bienveillance alimente les r\u00e9sultats<\/li>\n<li>O\u00f9 le bien-\u00eatre est une condition pr\u00e9alable \u00e0 l&rsquo;excellence<\/li>\n<li>O\u00f9 chaque talent est reconnu et encourag\u00e9<\/li>\n<\/ul>\n<p>L&rsquo;excellence se construit sur une \u00e9nergie collective, avec des hommes et des femmes qui partagent la m\u00eame vision : celle d&rsquo;un immobilier plus inspirant, plus humain et plus engag\u00e9.<\/p>\n<blockquote>\n<p><em>Gallant Properties, plus qu&rsquo;une entreprise, une vision.<\/em><\/p>\n<\/blockquote>\n<p>Une vision d&rsquo;\u00e9l\u00e9gance sinc\u00e8re, d&rsquo;attention authentique et d&rsquo;un luxe qui a du sens, un art de vivre \u00e0 la fran\u00e7aise r\u00e9invent\u00e9 avec modernit\u00e9 et des exigences \u00e9lev\u00e9es.<\/p>\n<p>[\/et_pb_accordion_item][\/et_pb_accordion][\/et_pb_column][et_pb_column type=\u00a0\u00bb1_2&Prime; _builder_version=\u00a0\u00bb4.25.2&Prime; _module_preset=\u00a0\u00bbdefault\u00a0\u00bb global_colors_info=\u00a0\u00bb{}\u00a0\u00bb][et_pb_image src=\u00a0\u00bbhttp:\/\/gallant-properties.com\/wp-content\/uploads\/2025\/08\/WhatsApp-Image-2025-06-16-a-10.35.04_9cf57bde.jpg\u00a0\u00bb title_text=\u00a0\u00bbWhatsApp Image 2025-06-16 \u00e0 10.35.04_9cf57bde\u00a0\u00bb _builder_version=\u00a0\u00bb4.27.4&Prime; _module_preset=\u00a0\u00bbdefault\u00a0\u00bb custom_margin=\u00a0\u00bb10%||||false|false\u00a0\u00bb animation_style=\u00a0\u00bbfade\u00a0\u00bb animation_duration=\u00a0\u00bb2000ms\u00a0\u00bb box_shadow_style=\u00a0\u00bbpreset6&Prime; box_shadow_color=\u00a0\u00bb#262626&Prime; global_colors_info=\u00a0\u00bb{}\u00a0\u00bb][\/et_pb_image][\/et_pb_column][\/et_pb_row][\/et_pb_section]<\/p>\n","protected":false},"excerpt":{"rendered":"<p>Depuis les Jeux Olympiques de Paris 2024, le Groupe Gallant Luxury Real Estate s&rsquo;est impos\u00e9 comme une r\u00e9f\u00e9rence incontournable dans la location ultra-prestigieuse \u00e0 Paris, au service d&rsquo;une client\u00e8le internationale exigeante. Aujourd&rsquo;hui, nous \u00e9crivons un nouveau chapitre, Gallant Properties est n\u00e9e : une entit\u00e9 ind\u00e9pendante, avec un positionnement fort, d\u00e9di\u00e9e \u00e0 la vente et \u00e0 [&hellip;]<\/p>\n","protected":false},"author":2,"featured_media":0,"parent":0,"menu_order":0,"comment_status":"closed","ping_status":"closed","template":"","meta":{"_et_pb_use_builder":"on","_et_pb_old_content":"","_et_gb_content_width":"","footnotes":""},"class_list":["post-6037","page","type-page","status-publish","hentry"],"_links":{"self":[{"href":"https:\/\/gallant-properties.com\/fr\/wp-json\/wp\/v2\/pages\/6037","targetHints":{"allow":["GET"]}}],"collection":[{"href":"https:\/\/gallant-properties.com\/fr\/wp-json\/wp\/v2\/pages"}],"about":[{"href":"https:\/\/gallant-properties.com\/fr\/wp-json\/wp\/v2\/types\/page"}],"author":[{"embeddable":true,"href":"https:\/\/gallant-properties.com\/fr\/wp-json\/wp\/v2\/users\/2"}],"replies":[{"embeddable":true,"href":"https:\/\/gallant-properties.com\/fr\/wp-json\/wp\/v2\/comments?post=6037"}],"version-history":[{"count":37,"href":"https:\/\/gallant-properties.com\/fr\/wp-json\/wp\/v2\/pages\/6037\/revisions"}],"predecessor-version":[{"id":6576,"href":"https:\/\/gallant-properties.com\/fr\/wp-json\/wp\/v2\/pages\/6037\/revisions\/6576"}],"wp:attachment":[{"href":"https:\/\/gallant-properties.com\/fr\/wp-json\/wp\/v2\/media?parent=6037"}],"curies":[{"name":"wp","href":"https:\/\/api.w.org\/{rel}","templated":true}]}}