{"id":6005,"date":"2025-08-06T06:42:32","date_gmt":"2025-08-06T04:42:32","guid":{"rendered":"https:\/\/gallant-properties.com\/acheter\/"},"modified":"2025-09-28T17:18:28","modified_gmt":"2025-09-28T15:18:28","slug":"acheter","status":"publish","type":"page","link":"https:\/\/gallant-properties.com\/fr\/acheter\/","title":{"rendered":"Acheter"},"content":{"rendered":"<p>[et_pb_section fb_built=\u00a0\u00bb1&Prime; admin_label=\u00a0\u00bbLanding\u00a0\u00bb _builder_version=\u00a0\u00bb4.27.4&Prime; _module_preset=\u00a0\u00bbdefault\u00a0\u00bb background_color=\u00a0\u00bb#262626&Prime; use_background_color_gradient=\u00a0\u00bbon\u00a0\u00bb background_color_gradient_stops=\u00a0\u00bbrgba(38,38,38,0.3) 0%|rgba(38,38,38,0.8) 100%\u00a0\u00bb background_color_gradient_overlays_image=\u00a0\u00bbon\u00a0\u00bb background_image=\u00a0\u00bbhttp:\/\/gallant-properties.com\/wp-content\/uploads\/2025\/08\/jpeg-optimizer_UniversalUpscaler_8105a4f7-4c52-4dc1-9789-50235254a153-scaled.jpg\u00a0\u00bb parallax=\u00a0\u00bbon\u00a0\u00bb width=\u00a0\u00bb100vw\u00a0\u00bb max_width=\u00a0\u00bb100vw\u00a0\u00bb module_alignment=\u00a0\u00bbcenter\u00a0\u00bb custom_margin=\u00a0\u00bb0px||0px||false|false\u00a0\u00bb custom_padding=\u00a0\u00bb0px||0px||false|false\u00a0\u00bb animation_style=\u00a0\u00bbfade\u00a0\u00bb animation_duration=\u00a0\u00bb2000ms\u00a0\u00bb scroll_blur=\u00a0\u00bb0|40|60|100|0px|0px|2px\u00a0\u00bb global_colors_info=\u00a0\u00bb{}\u00a0\u00bb][et_pb_row make_equal=\u00a0\u00bbon\u00a0\u00bb _builder_version=\u00a0\u00bb4.27.4&Prime; _module_preset=\u00a0\u00bbdefault\u00a0\u00bb background_enable_image=\u00a0\u00bboff\u00a0\u00bb parallax=\u00a0\u00bbon\u00a0\u00bb z_index=\u00a0\u00bb500&Prime; width=\u00a0\u00bb100%\u00a0\u00bb max_width=\u00a0\u00bb100%\u00a0\u00bb module_alignment=\u00a0\u00bbcenter\u00a0\u00bb custom_margin=\u00a0\u00bb||0px||false|false\u00a0\u00bb custom_padding=\u00a0\u00bb10%||10%||false|false\u00a0\u00bb global_colors_info=\u00a0\u00bb{}\u00a0\u00bb][et_pb_column type=\u00a0\u00bb4_4&Prime; _builder_version=\u00a0\u00bb4.27.2&Prime; _module_preset=\u00a0\u00bbdefault\u00a0\u00bb global_colors_info=\u00a0\u00bb{}\u00a0\u00bb][et_pb_text _builder_version=\u00a0\u00bb4.27.4&Prime; _module_preset=\u00a0\u00bbdefault\u00a0\u00bb header_font=\u00a0\u00bb&#8211;et_global_body_font|100|||||||\u00a0\u00bb header_font_size=\u00a0\u00bb5.5px\u00a0\u00bb header_2_font=\u00a0\u00bb&#8211;et_global_body_font|200||on|||||\u00a0\u00bb header_2_text_align=\u00a0\u00bbcenter\u00a0\u00bb header_2_text_color=\u00a0\u00bb#E3E4DF\u00a0\u00bb header_2_font_size=\u00a0\u00bb35px\u00a0\u00bb module_alignment=\u00a0\u00bbcenter\u00a0\u00bb custom_margin=\u00a0\u00bb2%||||false|false\u00a0\u00bb custom_margin_tablet=\u00a0\u00bb2%||||false|false\u00a0\u00bb custom_margin_phone=\u00a0\u00bb30%||||false|false\u00a0\u00bb custom_margin_last_edited=\u00a0\u00bbon|desktop\u00a0\u00bb scroll_horizontal_motion_enable=\u00a0\u00bbon\u00a0\u00bb scroll_horizontal_motion=\u00a0\u00bb0|20|20|100|-0.4|0|0&Prime; scroll_blur_enable=\u00a0\u00bbon\u00a0\u00bb scroll_blur=\u00a0\u00bb0|40|80|100|0px|0px|2px\u00a0\u00bb header_font_size_last_edited=\u00a0\u00bboff|phone\u00a0\u00bb header_2_text_align_tablet=\u00a0\u00bbright\u00a0\u00bb header_2_text_align_phone=\u00a0\u00bbcenter\u00a0\u00bb header_2_text_align_last_edited=\u00a0\u00bbon|phone\u00a0\u00bb header_2_font_size_tablet=\u00a0\u00bb5.5vh\u00a0\u00bb header_2_font_size_phone=\u00a0\u00bb30px\u00a0\u00bb header_2_font_size_last_edited=\u00a0\u00bbon|phone\u00a0\u00bb global_colors_info=\u00a0\u00bb{}\u00a0\u00bb]<\/p>\n<h2>Trouvez votre propri\u00e9t\u00e9 de r\u00eave en toute confiance<\/h2>\n<p>[\/et_pb_text][wpforms_selector form_id=\u00a0\u00bb5156&Prime; show_title=\u00a0\u00bboff\u00a0\u00bb show_desc=\u00a0\u00bbon\u00a0\u00bb _builder_version=\u00a0\u00bb4.27.4&Prime; _module_preset=\u00a0\u00bbdefault\u00a0\u00bb width_last_edited=\u00a0\u00bboff|phone\u00a0\u00bb max_width=\u00a0\u00bb60%\u00a0\u00bb max_width_tablet=\u00a0\u00bb60%\u00a0\u00bb max_width_phone=\u00a0\u00bb100%\u00a0\u00bb max_width_last_edited=\u00a0\u00bbon|phone\u00a0\u00bb module_alignment=\u00a0\u00bbcenter\u00a0\u00bb custom_margin=\u00a0\u00bb10px|10px|10px|10px|true|true\u00a0\u00bb custom_padding=\u00a0\u00bb10px|10px|10px|10px|true|true\u00a0\u00bb animation_style=\u00a0\u00bbfade\u00a0\u00bb animation_duration=\u00a0\u00bb2000ms\u00a0\u00bb global_colors_info=\u00a0\u00bb{}\u00a0\u00bb][\/wpforms_selector][\/et_pb_column][\/et_pb_row][\/et_pb_section][et_pb_section fb_built=\u00a0\u00bb1&Prime; admin_label=\u00a0\u00bbBUREAU\u00a0\u00bb module_id=\u00a0\u00bbBUREAU\u00a0\u00bb _builder_version=\u00a0\u00bb4.27.4&Prime; _module_preset=\u00a0\u00bbdefault\u00a0\u00bb background_color=\u00a0\u00bb#ededed\u00a0\u00bb background_image=\u00a0\u00bbhttp:\/\/gallant-properties.com\/wp-content\/uploads\/2025\/06\/subtle_grunge.webp\u00a0\u00bb background_size=\u00a0\u00bbinitial\u00a0\u00bb background_position=\u00a0\u00bbtop_left\u00a0\u00bb background_repeat=\u00a0\u00bbrepeat\u00a0\u00bb custom_padding=\u00a0\u00bb60px||100px||false|false\u00a0\u00bb global_colors_info=\u00a0\u00bb{}\u00a0\u00bb][et_pb_row use_custom_gutter=\u00a0\u00bbon\u00a0\u00bb admin_label=\u00a0\u00bbRang\u00e9e CTA\u00a0\u00bb _builder_version=\u00a0\u00bb4.16&Prime; _module_preset=\u00a0\u00bbdefault\u00a0\u00bb custom_margin=\u00a0\u00bb|||\u00a0\u00bb custom_padding=\u00a0\u00bb|||\u00a0\u00bb global_colors_info=\u00a0\u00bb{}\u00a0\u00bb][et_pb_column type=\u00a0\u00bb4_4&Prime; _builder_version=\u00a0\u00bb4.16&Prime; _module_preset=\u00a0\u00bbdefault\u00a0\u00bb custom_padding=\u00a0\u00bb|||\u00a0\u00bb global_colors_info=\u00a0\u00bb{}\u00a0\u00bb custom_padding__hover=\u00a0\u00bb|||\u00a0\u00bb][et_pb_text admin_label=\u00a0\u00bbTitle &#038; Paragraph\u00a0\u00bb _builder_version=\u00a0\u00bb4.27.4&Prime; _module_preset=\u00a0\u00bbdefault\u00a0\u00bb text_font=\u00a0\u00bb&#8211;et_global_body_font|200|||||||\u00a0\u00bb text_font_size=\u00a0\u00bb18px\u00a0\u00bb text_line_height=\u00a0\u00bb1.8em\u00a0\u00bb header_font=\u00a0\u00bb||||||||\u00a0\u00bb header_2_font=\u00a0\u00bb&#8211;et_global_heading_font|100||on|||||\u00a0\u00bb header_2_text_color=\u00a0\u00bb#7A675E\u00a0\u00bb header_2_font_size=\u00a0\u00bb30px\u00a0\u00bb header_2_line_height=\u00a0\u00bb1.4em\u00a0\u00bb text_orientation=\u00a0\u00bbcenter\u00a0\u00bb max_width=\u00a0\u00bb640px\u00a0\u00bb max_width_last_edited=\u00a0\u00bboff|desktop\u00a0\u00bb module_alignment=\u00a0\u00bbcenter\u00a0\u00bb custom_margin=\u00a0\u00bb||0px||false|false\u00a0\u00bb custom_margin_tablet=\u00a0\u00bb0px|||0px\u00a0\u00bb custom_margin_last_edited=\u00a0\u00bboff|desktop\u00a0\u00bb custom_padding=\u00a0\u00bb||||false|false\u00a0\u00bb custom_padding_last_edited=\u00a0\u00bboff|desktop\u00a0\u00bb scroll_fade_enable=\u00a0\u00bbon\u00a0\u00bb scroll_fade=\u00a0\u00bb0|20|80|100|0|100|0%\u00a0\u00bb scroll_blur_enable=\u00a0\u00bbon\u00a0\u00bb scroll_blur=\u00a0\u00bb0|20|80|100|2px|0px|2px\u00a0\u00bb header_2_font_size_tablet=\u00a0\u00bb\u00a0\u00bb header_2_font_size_phone=\u00a0\u00bb25px\u00a0\u00bb header_2_font_size_last_edited=\u00a0\u00bbon|phone\u00a0\u00bb locked=\u00a0\u00bboff\u00a0\u00bb global_colors_info=\u00a0\u00bb{}\u00a0\u00bb]<\/p>\n<h2>Propri\u00e9t\u00e9s exceptionnelles, accompagnement sur mesure<\/h2>\n<p>[\/et_pb_text][et_pb_text admin_label=\u00a0\u00bbTitle &#038; Paragraph\u00a0\u00bb _builder_version=\u00a0\u00bb4.27.4&Prime; _module_preset=\u00a0\u00bbdefault\u00a0\u00bb text_font=\u00a0\u00bb&#8211;et_global_body_font|700|||||||\u00a0\u00bb text_text_color=\u00a0\u00bb#7A675E\u00a0\u00bb text_font_size=\u00a0\u00bb1.2vh\u00a0\u00bb text_line_height=\u00a0\u00bb1.8em\u00a0\u00bb header_font=\u00a0\u00bb||||||||\u00a0\u00bb header_2_font=\u00a0\u00bb&#8211;et_global_heading_font|100||on|||||\u00a0\u00bb header_2_font_size=\u00a0\u00bb50px\u00a0\u00bb header_2_line_height=\u00a0\u00bb1.4em\u00a0\u00bb text_orientation=\u00a0\u00bbcenter\u00a0\u00bb max_width_last_edited=\u00a0\u00bboff|desktop\u00a0\u00bb module_alignment=\u00a0\u00bbcenter\u00a0\u00bb custom_margin=\u00a0\u00bb|||\u00a0\u00bb custom_margin_tablet=\u00a0\u00bb0px|||0px\u00a0\u00bb custom_margin_last_edited=\u00a0\u00bboff|desktop\u00a0\u00bb custom_padding=\u00a0\u00bb|||\u00a0\u00bb custom_padding_last_edited=\u00a0\u00bboff|desktop\u00a0\u00bb scroll_fade_enable=\u00a0\u00bbon\u00a0\u00bb scroll_fade=\u00a0\u00bb0|20|80|100|0|100|0%\u00a0\u00bb scroll_blur_enable=\u00a0\u00bbon\u00a0\u00bb scroll_blur=\u00a0\u00bb0|20|80|100|2px|0px|2px\u00a0\u00bb header_2_font_size_tablet=\u00a0\u00bb\u00a0\u00bb header_2_font_size_phone=\u00a0\u00bb40px\u00a0\u00bb header_2_font_size_last_edited=\u00a0\u00bbon|desktop\u00a0\u00bb locked=\u00a0\u00bboff\u00a0\u00bb global_colors_info=\u00a0\u00bb{}\u00a0\u00bb]<\/p>\n<p>Une exp\u00e9rience d&rsquo;achat raffin\u00e9e du d\u00e9but \u00e0 la fin<\/p>\n<p>[\/et_pb_text][et_pb_text admin_label=\u00a0\u00bbTitle &#038; Paragraph\u00a0\u00bb _builder_version=\u00a0\u00bb4.27.4&Prime; _module_preset=\u00a0\u00bbdefault\u00a0\u00bb text_font=\u00a0\u00bb&#8211;et_global_body_font|200|||||||\u00a0\u00bb text_line_height=\u00a0\u00bb1.8em\u00a0\u00bb header_font=\u00a0\u00bb||||||||\u00a0\u00bb header_2_font=\u00a0\u00bb&#8211;et_global_heading_font|100||on|||||\u00a0\u00bb header_2_font_size=\u00a0\u00bb50px\u00a0\u00bb header_2_line_height=\u00a0\u00bb1.4em\u00a0\u00bb text_orientation=\u00a0\u00bbjustified\u00a0\u00bb max_width_last_edited=\u00a0\u00bboff|desktop\u00a0\u00bb module_alignment=\u00a0\u00bbcenter\u00a0\u00bb custom_margin=\u00a0\u00bb|||\u00a0\u00bb custom_margin_tablet=\u00a0\u00bb0px|||0px\u00a0\u00bb custom_margin_last_edited=\u00a0\u00bboff|desktop\u00a0\u00bb custom_padding=\u00a0\u00bb|||\u00a0\u00bb custom_padding_last_edited=\u00a0\u00bboff|desktop\u00a0\u00bb scroll_fade_enable=\u00a0\u00bbon\u00a0\u00bb scroll_fade=\u00a0\u00bb0|20|80|100|0|100|0%\u00a0\u00bb scroll_blur_enable=\u00a0\u00bbon\u00a0\u00bb scroll_blur=\u00a0\u00bb0|20|80|100|2px|0px|2px\u00a0\u00bb header_2_font_size_tablet=\u00a0\u00bb\u00a0\u00bb header_2_font_size_phone=\u00a0\u00bb40px\u00a0\u00bb header_2_font_size_last_edited=\u00a0\u00bbon|desktop\u00a0\u00bb locked=\u00a0\u00bboff\u00a0\u00bb global_colors_info=\u00a0\u00bb{}\u00a0\u00bb]<\/p>\n<p><strong>Explorez notre collection exclusive de demeures de luxe<\/strong> et b\u00e9n\u00e9ficiez d&rsquo;un accompagnement expert \u00e0 chaque \u00e9tape de votre parcours d&rsquo;acquisition.<\/p>\n<p>L&rsquo;acquisition d&rsquo;une propri\u00e9t\u00e9 de luxe est une d\u00e9cision personnelle et significative. Nous vous offrons un acc\u00e8s privil\u00e9gi\u00e9 \u00e0 certains des domaines les plus remarquables de France \u2014 des appartements parisiens aux manoirs de campagne \u2014 combin\u00e9 \u00e0 un service attentif et discret pour rendre votre recherche sans effort et gratifiante. <\/p>\n<p>[\/et_pb_text][\/et_pb_column][\/et_pb_row][et_pb_row column_structure=\u00a0\u00bb1_3,1_3,1_3&Prime; admin_label=\u00a0\u00bbRang\u00e9e de processus\u00a0\u00bb _builder_version=\u00a0\u00bb4.16&Prime; _module_preset=\u00a0\u00bbdefault\u00a0\u00bb global_colors_info=\u00a0\u00bb{}\u00a0\u00bb][et_pb_column type=\u00a0\u00bb1_3&Prime; _builder_version=\u00a0\u00bb4.16&Prime; _module_preset=\u00a0\u00bbdefault\u00a0\u00bb custom_padding=\u00a0\u00bb|||\u00a0\u00bb global_colors_info=\u00a0\u00bb{}\u00a0\u00bb custom_padding__hover=\u00a0\u00bb|||\u00a0\u00bb][et_pb_blurb title=\u00a0\u00bbPortfolio soigneusement s\u00e9lectionn\u00e9 de demeures de prestige\u00a0\u00bb image_icon_background_color=\u00a0\u00bbRGBA(255,255,255,0)\u00a0\u00bb image_icon_width=\u00a0\u00bb25px\u00a0\u00bb admin_label=\u00a0\u00bbProcess\u00a0\u00bb _builder_version=\u00a0\u00bb4.27.4&Prime; _module_preset=\u00a0\u00bbdefault\u00a0\u00bb header_font=\u00a0\u00bbMuli|700|||||||\u00a0\u00bb header_text_align=\u00a0\u00bbcenter\u00a0\u00bb header_font_size=\u00a0\u00bb20px\u00a0\u00bb header_line_height=\u00a0\u00bb1.4em\u00a0\u00bb body_font=\u00a0\u00bb|300|||||||\u00a0\u00bb body_text_align=\u00a0\u00bbleft\u00a0\u00bb body_font_size=\u00a0\u00bb13px\u00a0\u00bb image_icon_custom_margin=\u00a0\u00bb||||true|true\u00a0\u00bb image_icon_custom_padding=\u00a0\u00bb4px|4px|4px|4px|true|true\u00a0\u00bb child_filter_brightness=\u00a0\u00bb0%\u00a0\u00bb child_filter_opacity=\u00a0\u00bb60%\u00a0\u00bb scroll_vertical_motion_enable=\u00a0\u00bbon\u00a0\u00bb scroll_vertical_motion=\u00a0\u00bb0|10|70|80|-0.8|0|-0.8&Prime; scroll_fade_enable=\u00a0\u00bbon\u00a0\u00bb scroll_fade=\u00a0\u00bb0|10|70|80|0|100|0%\u00a0\u00bb border_width_all_image=\u00a0\u00bb1px\u00a0\u00bb border_color_all_image=\u00a0\u00bb#000000&Prime; image_max_width=\u00a0\u00bb38px\u00a0\u00bb global_colors_info=\u00a0\u00bb{}\u00a0\u00bb]Acc\u00e9dez \u00e0 des propri\u00e9t\u00e9s rares et exceptionnelles, s\u00e9lectionn\u00e9es pour leur valeur architecturale, leur emplacement et leur attrait intemporel.[\/et_pb_blurb][\/et_pb_column][et_pb_column type=\u00a0\u00bb1_3&Prime; _builder_version=\u00a0\u00bb4.16&Prime; _module_preset=\u00a0\u00bbdefault\u00a0\u00bb custom_padding=\u00a0\u00bb|||\u00a0\u00bb global_colors_info=\u00a0\u00bb{}\u00a0\u00bb custom_padding__hover=\u00a0\u00bb|||\u00a0\u00bb][et_pb_blurb title=\u00a0\u00bbRepr\u00e9sentation sur mesure de l&#039;acheteur\u00a0\u00bb image_icon_background_color=\u00a0\u00bbRGBA(255,255,255,0)\u00a0\u00bb image_icon_width=\u00a0\u00bb25px\u00a0\u00bb admin_label=\u00a0\u00bbProcess\u00a0\u00bb _builder_version=\u00a0\u00bb4.27.4&Prime; _module_preset=\u00a0\u00bbdefault\u00a0\u00bb header_font=\u00a0\u00bbMuli|700|||||||\u00a0\u00bb header_text_align=\u00a0\u00bbcenter\u00a0\u00bb header_font_size=\u00a0\u00bb20px\u00a0\u00bb header_line_height=\u00a0\u00bb1.4em\u00a0\u00bb body_font=\u00a0\u00bb|300|||||||\u00a0\u00bb body_text_align=\u00a0\u00bbleft\u00a0\u00bb body_font_size=\u00a0\u00bb13px\u00a0\u00bb image_icon_custom_margin=\u00a0\u00bb||||true|true\u00a0\u00bb image_icon_custom_padding=\u00a0\u00bb4px|4px|4px|4px|true|true\u00a0\u00bb child_filter_brightness=\u00a0\u00bb0%\u00a0\u00bb child_filter_opacity=\u00a0\u00bb60%\u00a0\u00bb scroll_vertical_motion_enable=\u00a0\u00bbon\u00a0\u00bb scroll_vertical_motion=\u00a0\u00bb10|20|80|90|-0.8|0|-0.8&Prime; scroll_fade_enable=\u00a0\u00bbon\u00a0\u00bb scroll_fade=\u00a0\u00bb10|20|80|90|0|100|100&Prime; border_width_all_image=\u00a0\u00bb1px\u00a0\u00bb border_color_all_image=\u00a0\u00bb#000000&Prime; image_max_width=\u00a0\u00bb38px\u00a0\u00bb global_colors_info=\u00a0\u00bb{}\u00a0\u00bb]Nous \u00e9coutons, conseillons et agissons exclusivement dans votre int\u00e9r\u00eat &#8211; n\u00e9gociant en votre nom et veillant \u00e0 ce que chaque \u00e9tape s&rsquo;aligne sur vos objectifs.[\/et_pb_blurb][\/et_pb_column][et_pb_column type=\u00a0\u00bb1_3&Prime; _builder_version=\u00a0\u00bb4.16&Prime; _module_preset=\u00a0\u00bbdefault\u00a0\u00bb custom_padding=\u00a0\u00bb|||\u00a0\u00bb global_colors_info=\u00a0\u00bb{}\u00a0\u00bb custom_padding__hover=\u00a0\u00bb|||\u00a0\u00bb][et_pb_blurb title=\u00a0\u00bbProcessus d&#039;acquisition discret et sans accroc\u00a0\u00bb image_icon_background_color=\u00a0\u00bbRGBA(255,255,255,0)\u00a0\u00bb image_icon_width=\u00a0\u00bb25px\u00a0\u00bb admin_label=\u00a0\u00bbProcess\u00a0\u00bb _builder_version=\u00a0\u00bb4.27.4&Prime; _module_preset=\u00a0\u00bbdefault\u00a0\u00bb header_font=\u00a0\u00bbMuli|700|||||||\u00a0\u00bb header_text_align=\u00a0\u00bbcenter\u00a0\u00bb header_font_size=\u00a0\u00bb20px\u00a0\u00bb header_line_height=\u00a0\u00bb1.4em\u00a0\u00bb body_font=\u00a0\u00bb|300|||||||\u00a0\u00bb body_text_align=\u00a0\u00bbleft\u00a0\u00bb body_font_size=\u00a0\u00bb13px\u00a0\u00bb image_icon_custom_margin=\u00a0\u00bb||||true|true\u00a0\u00bb image_icon_custom_padding=\u00a0\u00bb4px|4px|4px|4px|true|true\u00a0\u00bb child_filter_brightness=\u00a0\u00bb0%\u00a0\u00bb child_filter_opacity=\u00a0\u00bb60%\u00a0\u00bb scroll_vertical_motion_enable=\u00a0\u00bbon\u00a0\u00bb scroll_vertical_motion=\u00a0\u00bb20|30|90|100|-0.8|0|-0.8&Prime; scroll_fade_enable=\u00a0\u00bbon\u00a0\u00bb scroll_fade=\u00a0\u00bb20|30|90|100|0|100|0%\u00a0\u00bb border_width_all_image=\u00a0\u00bb1px\u00a0\u00bb border_color_all_image=\u00a0\u00bb#000000&Prime; image_max_width=\u00a0\u00bb38px\u00a0\u00bb global_colors_info=\u00a0\u00bb{}\u00a0\u00bb]B\u00e9n\u00e9ficiez de notre connaissance du march\u00e9, de notre soutien juridique et de notre r\u00e9seau de professionnels de confiance pour un achat fluide et s\u00e9curis\u00e9.[\/et_pb_blurb][\/et_pb_column][\/et_pb_row][\/et_pb_section]<\/p>\n","protected":false},"excerpt":{"rendered":"<p>Trouvez votre propri\u00e9t\u00e9 de r\u00eave en toute confiance<div class=\"et_pb_module wpforms_selector wpforms_selector_0 et_animated\">\n\t\t\t\t\n\t\t\t\t\n\t\t\t\t\n\t\t\t\t\n\t\t\t\t\n\t\t\t\t\n\t\t\t\t<div class=\"et_pb_module_inner\">\n\t\t\t\t\t<style id=\"wpforms-css-vars-5156\">\n\t\t\t\t#wpforms-5156 {\n\t\t\t\t--wpforms-field-border-radius: 0px;\n--wpforms-field-background-color: #ffffffb5;\n--wpforms-field-border-color: #cccccc;\n--wpforms-field-border-color-spare: #cccccc;\n--wpforms-field-text-color: #444444;\n--wpforms-label-color: #bdbdbd;\n--wpforms-label-sublabel-color: #bdbdbd;\n--wpforms-label-error-color: #ff0000;\n--wpforms-button-border-style: solid;\n--wpforms-button-border-radius: 0px;\n--wpforms-button-background-color: #dddddd;\n--wpforms-button-border-color: #cccccc;\n--wpforms-button-text-color: #666666;\n--wpforms-container-padding: 20px;\n--wpforms-background-color: #00000000;\n--wpforms-background-size: px px;\n--wpforms-page-break-color: #dddddd;\n--wpforms-background-position: top left;\n--wpforms-background-repeat: repeat;\n--wpforms-field-size-input-height: 43px;\n--wpforms-field-size-input-spacing: 15px;\n--wpforms-field-size-font-size: 16px;\n--wpforms-field-size-line-height: 19px;\n--wpforms-field-size-padding-h: 14px;\n--wpforms-field-size-checkbox-size: 16px;\n--wpforms-field-size-sublabel-spacing: 5px;\n--wpforms-field-size-icon-size: 1;\n--wpforms-label-size-font-size: 14px;\n--wpforms-label-size-line-height: 17px;\n--wpforms-label-size-sublabel-font-size: 13px;\n--wpforms-label-size-sublabel-line-height: 16px;\n--wpforms-button-size-font-size: 14px;\n--wpforms-button-size-height: 37px;\n--wpforms-button-size-padding-h: 15px;\n--wpforms-button-size-margin-top: 5px;\n--wpforms-container-shadow-size-box-shadow: none;\n\t\t\t}\n\t\t\t<\/style><style id=\"wpforms-css-vars-5156-custom-css\">\n\t\t\t\t#wpforms-5156 {\n\t\t\t\t\tbackground-color:rgba(0, 0, 0, 0)!important;\r\nfieldBackgroundColor:rgba(255,255,255,0.75)!important;\n\t\t\t\t}\n\t\t\t<\/style><div class=\"wpforms-container wpforms-container-full wpforms-render-modern\" id=\"wpforms-5156\"><form id=\"wpforms-form-5156\" class=\"wpforms-validate wpforms-form wpforms-ajax-form\" data-formid=\"5156\" method=\"post\" enctype=\"multipart\/form-data\" action=\"\/fr\/wp-json\/wp\/v2\/pages\/6005\" data-token=\"a7d4248797f5e920679593c7f739da85\" data-token-time=\"1776381313\"><div class=\"wpforms-head-container\"><div class=\"wpforms-description\">Partagez vos aspirations avec nous<\/div><\/div><noscript class=\"wpforms-error-noscript\">Veuillez activer JavaScript dans votre navigateur pour remplir ce formulaire.<\/noscript><div id=\"wpforms-error-noscript\" style=\"display: none;\">Veuillez activer JavaScript dans votre navigateur pour remplir ce formulaire.<\/div><div class=\"wpforms-field-container\"><div id=\"wpforms-5156-field_1-container\" class=\"wpforms-field wpforms-field-name\" data-field-id=\"1\"><fieldset><legend class=\"wpforms-field-label wpforms-label-hide\" aria-hidden=\"false\">Name <span class=\"wpforms-required-label\" aria-hidden=\"true\">*<\/span><\/legend><div class=\"wpforms-field-row wpforms-field-medium\"><div class=\"wpforms-field-row-block wpforms-first wpforms-one-half\"><input type=\"text\" id=\"wpforms-5156-field_1\" class=\"wpforms-field-name-first wpforms-field-required\" name=\"wpforms[fields][1][first]\" placeholder=\"Pr\u00e9nom\" aria-errormessage=\"wpforms-5156-field_1-error\" required><label for=\"wpforms-5156-field_1\" class=\"wpforms-field-sublabel after wpforms-sublabel-hide\">First<\/label><\/div><div class=\"wpforms-field-row-block wpforms-one-half\"><input type=\"text\" id=\"wpforms-5156-field_1-last\" class=\"wpforms-field-name-last wpforms-field-required\" name=\"wpforms[fields][1][last]\" placeholder=\"Nom\" aria-errormessage=\"wpforms-5156-field_1-last-error\" required><label for=\"wpforms-5156-field_1-last\" class=\"wpforms-field-sublabel after wpforms-sublabel-hide\">Last<\/label><\/div><\/div><\/fieldset><\/div><div id=\"wpforms-5156-field_2-container\" class=\"wpforms-field wpforms-field-email\" data-field-id=\"2\"><label class=\"wpforms-field-label wpforms-label-hide\" for=\"wpforms-5156-field_2\" aria-hidden=\"false\">EMail Adress <span class=\"wpforms-required-label\" aria-hidden=\"true\">*<\/span><\/label><input type=\"email\" id=\"wpforms-5156-field_2\" class=\"wpforms-field-medium wpforms-field-required\" name=\"wpforms[fields][2]\" placeholder=\"Adresse Mail\" spellcheck=\"false\" aria-errormessage=\"wpforms-5156-field_2-error\" required><\/div>\t\t<div id=\"wpforms-5156-field_4-container\"\n\t\t\tclass=\"wpforms-field wpforms-field-text\"\n\t\t\tdata-field-type=\"text\"\n\t\t\tdata-field-id=\"4\"\n\t\t\t>\n\t\t\t<label class=\"wpforms-field-label\" for=\"wpforms-5156-field_4\" >Name or Comment<\/label>\n\t\t\t<input type=\"text\" id=\"wpforms-5156-field_4\" class=\"wpforms-field-medium\" name=\"wpforms[fields][4]\" >\n\t\t<\/div>\n\t\t<div id=\"wpforms-5156-field_3-container\" class=\"wpforms-field wpforms-field-textarea\" data-field-id=\"3\"><label class=\"wpforms-field-label wpforms-label-hide\" for=\"wpforms-5156-field_3\" aria-hidden=\"false\">Comment or message <span class=\"wpforms-required-label\" aria-hidden=\"true\">*<\/span><\/label><textarea id=\"wpforms-5156-field_3\" class=\"wpforms-field-medium wpforms-field-required\" name=\"wpforms[fields][3]\" placeholder=\"Commentaire ou message\" aria-errormessage=\"wpforms-5156-field_3-error\" required><\/textarea><\/div><script>\n\t\t\t\t( function() {\n\t\t\t\t\tconst style = document.createElement( 'style' );\n\t\t\t\t\tstyle.appendChild( document.createTextNode( '#wpforms-5156-field_4-container { position: absolute !important; overflow: hidden !important; display: inline !important; height: 1px !important; width: 1px !important; z-index: -1000 !important; padding: 0 !important; } #wpforms-5156-field_4-container input { visibility: hidden; } #wpforms-conversational-form-page #wpforms-5156-field_4-container label { counter-increment: none; }' ) );\n\t\t\t\t\tdocument.head.appendChild( style );\n\t\t\t\t\tdocument.currentScript?.remove();\n\t\t\t\t} )();\n\t\t\t<\/script><\/div><!-- .wpforms-field-container --><div class=\"wpforms-submit-container\" ><input type=\"hidden\" name=\"wpforms[id]\" value=\"5156\"><input type=\"hidden\" name=\"page_title\" value=\"\"><input type=\"hidden\" name=\"page_url\" value=\"https:\/\/gallant-properties.com\/fr\/wp-json\/wp\/v2\/pages\/6005\"><input type=\"hidden\" name=\"url_referer\" value=\"\"><button type=\"submit\" name=\"wpforms[submit]\" id=\"wpforms-submit-5156\" class=\"wpforms-submit\" data-alt-text=\"Envoi...\" data-submit-text=\"Commencez votre recherche personnalis\u00e9e\" aria-live=\"assertive\" value=\"wpforms-submit\">Commencez votre recherche personnalis\u00e9e<\/button><img loading=\"lazy\" decoding=\"async\" src=\"https:\/\/gallant-properties.com\/wp-content\/plugins\/wpforms\/assets\/images\/submit-spin.svg\" class=\"wpforms-submit-spinner\" style=\"display: none;\" width=\"26\" height=\"26\" alt=\"Chargement en cours\"><\/div><\/form><\/div>  <!-- .wpforms-container -->\n\t\t\t\t<\/div>\n\t\t\t<\/div>Propri\u00e9t\u00e9s exceptionnelles, accompagnement sur mesureUne exp\u00e9rience d&rsquo;achat raffin\u00e9e du d\u00e9but \u00e0 la finExplorez notre collection exclusive de demeures de luxe et b\u00e9n\u00e9ficiez d&rsquo;un accompagnement expert \u00e0 chaque \u00e9tape de votre parcours d&rsquo;acquisition. [&hellip;]<\/p>\n","protected":false},"author":2,"featured_media":0,"parent":0,"menu_order":0,"comment_status":"closed","ping_status":"closed","template":"","meta":{"_et_pb_use_builder":"on","_et_pb_old_content":"","_et_gb_content_width":"","footnotes":""},"class_list":["post-6005","page","type-page","status-publish","hentry"],"_links":{"self":[{"href":"https:\/\/gallant-properties.com\/fr\/wp-json\/wp\/v2\/pages\/6005","targetHints":{"allow":["GET"]}}],"collection":[{"href":"https:\/\/gallant-properties.com\/fr\/wp-json\/wp\/v2\/pages"}],"about":[{"href":"https:\/\/gallant-properties.com\/fr\/wp-json\/wp\/v2\/types\/page"}],"author":[{"embeddable":true,"href":"https:\/\/gallant-properties.com\/fr\/wp-json\/wp\/v2\/users\/2"}],"replies":[{"embeddable":true,"href":"https:\/\/gallant-properties.com\/fr\/wp-json\/wp\/v2\/comments?post=6005"}],"version-history":[{"count":3,"href":"https:\/\/gallant-properties.com\/fr\/wp-json\/wp\/v2\/pages\/6005\/revisions"}],"predecessor-version":[{"id":6012,"href":"https:\/\/gallant-properties.com\/fr\/wp-json\/wp\/v2\/pages\/6005\/revisions\/6012"}],"wp:attachment":[{"href":"https:\/\/gallant-properties.com\/fr\/wp-json\/wp\/v2\/media?parent=6005"}],"curies":[{"name":"wp","href":"https:\/\/api.w.org\/{rel}","templated":true}]}}